{"id":47,"date":"2026-05-15T12:45:32","date_gmt":"2026-05-15T12:45:32","guid":{"rendered":"https:\/\/cranky-haibt.162-0-225-12.plesk.page\/?product=oda-105"},"modified":"2026-05-15T12:45:32","modified_gmt":"2026-05-15T12:45:32","slug":"oda-105","status":"publish","type":"product","link":"https:\/\/cranky-haibt.162-0-225-12.plesk.page\/?product=oda-105","title":{"rendered":"Oda 105 \u2014 Junior S\u00fcit"},"content":{"rendered":"\n<p style=\"font-size:clamp(0.875rem, 0.875rem + ((1vw - 0.2rem) * 0.292), 1.05rem);line-height:1.8\">Junior S\u00fcit, aileler ve uzun konaklamay\u0131 tercih edenler i\u00e7in tasarland\u0131. 42 m\u00b2&#8217;lik geni\u015f alan\u0131, ayr\u0131 yatak odas\u0131 ve oturma alan\u0131 ile bir apartman daire konforu sunar. Tavan avizesi ve premium dokunu\u015flar zarif bir atmosfer yarat\u0131yor.<\/p>\n\n\n\n<h3 class=\"wp-block-heading\" style=\"font-size:clamp(0.875rem, 0.875rem + ((1vw - 0.2rem) * 0.708), 1.3rem);\">S\u00fcit Detaylar\u0131<\/h3>\n\n\n\n<ul class=\"wp-block-list\" style=\"line-height:1.9\"><li>42 m\u00b2 geni\u015f s\u00fcit alan\u0131<\/li><li>Queen size yatak + ayr\u0131labilir oturma alan\u0131<\/li><li>Yemek masas\u0131 (4 ki\u015filik)<\/li><li>55&#8243; Smart TV ve Bluetooth hoparl\u00f6r<\/li><li>Nespresso makinesi, \u00fccretsiz kaps\u00fcller<\/li><li>Ya\u011fmurlama du\u015f + ayr\u0131 k\u00fcvet<\/li><li>Yast\u0131k men\u00fcs\u00fc ve premium banyo amenities<\/li><li>\u00c7ocuk yata\u011f\u0131 eklenebilir (2 \u00e7ocu\u011fa kadar)<\/li><\/ul>\n\n\n\n<p style=\"font-size:clamp(0.875rem, 0.875rem + ((1vw - 0.2rem) * 0.292), 1.05rem);line-height:1.8\"><strong>Kar\u015f\u0131lama ikram\u0131:<\/strong> \u015eampanya, meyve taba\u011f\u0131 ve \u00e7ikolata.<\/p>\n\n\n\n<p style=\"color:#6b6b6b;font-size:clamp(0.875rem, 0.875rem + ((1vw - 0.2rem) * 0.125), 0.95rem);font-style:italic\">Minimum 2 gece konaklama.<\/p>\n","protected":false},"excerpt":{"rendered":"<p>Ayr\u0131 oturma alan\u0131, mini avize ve premium dokunu\u015flar. 4 ki\u015fiye kadar konforlu konaklama.<\/p>\n","protected":false},"featured_media":48,"comment_status":"open","ping_status":"closed","template":"","meta":[],"product_brand":[],"product_cat":[],"product_tag":[],"class_list":{"0":"post-47","1":"product","2":"type-product","3":"status-publish","4":"has-post-thumbnail","7":"first","8":"instock","9":"shipping-taxable","10":"purchasable","11":"product-type-hotel_room"},"_links":{"self":[{"href":"https:\/\/cranky-haibt.162-0-225-12.plesk.page\/index.php?rest_route=\/wp\/v2\/product\/47","targetHints":{"allow":["GET"]}}],"collection":[{"href":"https:\/\/cranky-haibt.162-0-225-12.plesk.page\/index.php?rest_route=\/wp\/v2\/product"}],"about":[{"href":"https:\/\/cranky-haibt.162-0-225-12.plesk.page\/index.php?rest_route=\/wp\/v2\/types\/product"}],"replies":[{"embeddable":true,"href":"https:\/\/cranky-haibt.162-0-225-12.plesk.page\/index.php?rest_route=%2Fwp%2Fv2%2Fcomments&post=47"}],"wp:featuredmedia":[{"embeddable":true,"href":"https:\/\/cranky-haibt.162-0-225-12.plesk.page\/index.php?rest_route=\/wp\/v2\/media\/48"}],"wp:attachment":[{"href":"https:\/\/cranky-haibt.162-0-225-12.plesk.page\/index.php?rest_route=%2Fwp%2Fv2%2Fmedia&parent=47"}],"wp:term":[{"taxonomy":"product_brand","embeddable":true,"href":"https:\/\/cranky-haibt.162-0-225-12.plesk.page\/index.php?rest_route=%2Fwp%2Fv2%2Fproduct_brand&post=47"},{"taxonomy":"product_cat","embeddable":true,"href":"https:\/\/cranky-haibt.162-0-225-12.plesk.page\/index.php?rest_route=%2Fwp%2Fv2%2Fproduct_cat&post=47"},{"taxonomy":"product_tag","embeddable":true,"href":"https:\/\/cranky-haibt.162-0-225-12.plesk.page\/index.php?rest_route=%2Fwp%2Fv2%2Fproduct_tag&post=47"}],"curies":[{"name":"wp","href":"https:\/\/api.w.org\/{rel}","templated":true}]}}