{"id":43,"date":"2026-05-15T12:45:30","date_gmt":"2026-05-15T12:45:30","guid":{"rendered":"https:\/\/cranky-haibt.162-0-225-12.plesk.page\/?product=oda-103"},"modified":"2026-05-15T12:45:30","modified_gmt":"2026-05-15T12:45:30","slug":"oda-103","status":"publish","type":"product","link":"https:\/\/cranky-haibt.162-0-225-12.plesk.page\/?product=oda-103","title":{"rendered":"Oda 103 \u2014 Twin Oda (\u0130ki Ayr\u0131 Yatak)"},"content":{"rendered":"\n<p style=\"font-size:clamp(0.875rem, 0.875rem + ((1vw - 0.2rem) * 0.292), 1.05rem);line-height:1.8\">Birlikte seyahat eden iki misafir i\u00e7in en pratik \u00e7\u00f6z\u00fcm. \u0130ki ayr\u0131 tek ki\u015filik yatak, e\u015fit konfor ve mahremiyet sunar. \u0130\u015f arkada\u015flar\u0131, karde\u015fler veya arkada\u015flar\u0131n ortak konaklamas\u0131 i\u00e7in ideal.<\/p>\n\n\n\n<h3 class=\"wp-block-heading\" style=\"font-size:clamp(0.875rem, 0.875rem + ((1vw - 0.2rem) * 0.708), 1.3rem);\">Oda Detaylar\u0131<\/h3>\n\n\n\n<ul class=\"wp-block-list\" style=\"line-height:1.9\"><li>28 m\u00b2 simetrik d\u00fczenlenmi\u015f alan<\/li><li>\u0130ki ayr\u0131 tek ki\u015filik yatak (her biri 100&#215;200)<\/li><li>\u0130ki ayr\u0131 komodin ve okuma lambas\u0131<\/li><li>Soka\u011fa bakan, ses yal\u0131t\u0131ml\u0131 pencere<\/li><li>Ya\u011fmurlama du\u015flu banyo<\/li><\/ul>\n","protected":false},"excerpt":{"rendered":"<p>\u0130ki ayr\u0131 tek ki\u015filik yatak. Birlikte seyahat eden iki misafir i\u00e7in pratik \u00e7\u00f6z\u00fcm.<\/p>\n","protected":false},"featured_media":44,"comment_status":"open","ping_status":"closed","template":"","meta":[],"product_brand":[],"product_cat":[],"product_tag":[],"class_list":{"0":"post-43","1":"product","2":"type-product","3":"status-publish","4":"has-post-thumbnail","7":"first","8":"instock","9":"shipping-taxable","10":"purchasable","11":"product-type-hotel_room"},"_links":{"self":[{"href":"https:\/\/cranky-haibt.162-0-225-12.plesk.page\/index.php?rest_route=\/wp\/v2\/product\/43","targetHints":{"allow":["GET"]}}],"collection":[{"href":"https:\/\/cranky-haibt.162-0-225-12.plesk.page\/index.php?rest_route=\/wp\/v2\/product"}],"about":[{"href":"https:\/\/cranky-haibt.162-0-225-12.plesk.page\/index.php?rest_route=\/wp\/v2\/types\/product"}],"replies":[{"embeddable":true,"href":"https:\/\/cranky-haibt.162-0-225-12.plesk.page\/index.php?rest_route=%2Fwp%2Fv2%2Fcomments&post=43"}],"wp:featuredmedia":[{"embeddable":true,"href":"https:\/\/cranky-haibt.162-0-225-12.plesk.page\/index.php?rest_route=\/wp\/v2\/media\/44"}],"wp:attachment":[{"href":"https:\/\/cranky-haibt.162-0-225-12.plesk.page\/index.php?rest_route=%2Fwp%2Fv2%2Fmedia&parent=43"}],"wp:term":[{"taxonomy":"product_brand","embeddable":true,"href":"https:\/\/cranky-haibt.162-0-225-12.plesk.page\/index.php?rest_route=%2Fwp%2Fv2%2Fproduct_brand&post=43"},{"taxonomy":"product_cat","embeddable":true,"href":"https:\/\/cranky-haibt.162-0-225-12.plesk.page\/index.php?rest_route=%2Fwp%2Fv2%2Fproduct_cat&post=43"},{"taxonomy":"product_tag","embeddable":true,"href":"https:\/\/cranky-haibt.162-0-225-12.plesk.page\/index.php?rest_route=%2Fwp%2Fv2%2Fproduct_tag&post=43"}],"curies":[{"name":"wp","href":"https:\/\/api.w.org\/{rel}","templated":true}]}}