{"id":41,"date":"2026-05-15T12:45:30","date_gmt":"2026-05-15T12:45:30","guid":{"rendered":"https:\/\/cranky-haibt.162-0-225-12.plesk.page\/?product=oda-102"},"modified":"2026-05-15T12:45:30","modified_gmt":"2026-05-15T12:45:30","slug":"oda-102","status":"publish","type":"product","link":"https:\/\/cranky-haibt.162-0-225-12.plesk.page\/?product=oda-102","title":{"rendered":"Oda 102 \u2014 Standart \u00c7ift Ki\u015filik"},"content":{"rendered":"\n<p style=\"font-size:clamp(0.875rem, 0.875rem + ((1vw - 0.2rem) * 0.292), 1.05rem);line-height:1.8\">Standart kategorimizdeki bu \u00e7ift ki\u015filik oda, s\u0131cak ah\u015fap dokular ve \u00f6zenle se\u00e7ilmi\u015f tekstillerle ger\u00e7ek bir &#8220;ev gibi&#8221; hissi sunar. \u00c7iftler i\u00e7in ideal yatak boyutu ve iste\u011fe ba\u011fl\u0131 ek yatak ile 3 ki\u015fiye kadar konaklama imkan\u0131.<\/p>\n\n\n\n<h3 class=\"wp-block-heading\" style=\"font-size:clamp(0.875rem, 0.875rem + ((1vw - 0.2rem) * 0.708), 1.3rem);\">Oda Detaylar\u0131<\/h3>\n\n\n\n<ul class=\"wp-block-list\" style=\"line-height:1.9\"><li>28 m\u00b2 ferah alan<\/li><li>\u00c7ift ki\u015filik standart yatak (160 cm)<\/li><li>Oturma k\u00f6\u015fesi<\/li><li>\u0130\u00e7 bah\u00e7eye bakan pencere<\/li><li>Ya\u011fmurlama du\u015flu banyo, bornoz ve terlik<\/li><li>\u0130ste\u011fe ba\u011fl\u0131 \u00e7ocuk yata\u011f\u0131 (\u00fccretsiz)<\/li><\/ul>\n","protected":false},"excerpt":{"rendered":"<p>\u00c7ift ki\u015filik geni\u015f yatak, s\u0131cak tonlar ve ferah banyo. \u0130\u015f ve tatil i\u00e7in ideal denge.<\/p>\n","protected":false},"featured_media":42,"comment_status":"open","ping_status":"closed","template":"","meta":[],"product_brand":[],"product_cat":[],"product_tag":[],"class_list":{"0":"post-41","1":"product","2":"type-product","3":"status-publish","4":"has-post-thumbnail","7":"first","8":"instock","9":"shipping-taxable","10":"purchasable","11":"product-type-hotel_room"},"_links":{"self":[{"href":"https:\/\/cranky-haibt.162-0-225-12.plesk.page\/index.php?rest_route=\/wp\/v2\/product\/41","targetHints":{"allow":["GET"]}}],"collection":[{"href":"https:\/\/cranky-haibt.162-0-225-12.plesk.page\/index.php?rest_route=\/wp\/v2\/product"}],"about":[{"href":"https:\/\/cranky-haibt.162-0-225-12.plesk.page\/index.php?rest_route=\/wp\/v2\/types\/product"}],"replies":[{"embeddable":true,"href":"https:\/\/cranky-haibt.162-0-225-12.plesk.page\/index.php?rest_route=%2Fwp%2Fv2%2Fcomments&post=41"}],"wp:featuredmedia":[{"embeddable":true,"href":"https:\/\/cranky-haibt.162-0-225-12.plesk.page\/index.php?rest_route=\/wp\/v2\/media\/42"}],"wp:attachment":[{"href":"https:\/\/cranky-haibt.162-0-225-12.plesk.page\/index.php?rest_route=%2Fwp%2Fv2%2Fmedia&parent=41"}],"wp:term":[{"taxonomy":"product_brand","embeddable":true,"href":"https:\/\/cranky-haibt.162-0-225-12.plesk.page\/index.php?rest_route=%2Fwp%2Fv2%2Fproduct_brand&post=41"},{"taxonomy":"product_cat","embeddable":true,"href":"https:\/\/cranky-haibt.162-0-225-12.plesk.page\/index.php?rest_route=%2Fwp%2Fv2%2Fproduct_cat&post=41"},{"taxonomy":"product_tag","embeddable":true,"href":"https:\/\/cranky-haibt.162-0-225-12.plesk.page\/index.php?rest_route=%2Fwp%2Fv2%2Fproduct_tag&post=41"}],"curies":[{"name":"wp","href":"https:\/\/api.w.org\/{rel}","templated":true}]}}