{"id":23,"date":"2026-05-15T11:16:31","date_gmt":"2026-05-15T11:16:31","guid":{"rendered":"https:\/\/cranky-haibt.162-0-225-12.plesk.page\/?post_type=product&#038;p=23"},"modified":"2026-05-15T11:16:59","modified_gmt":"2026-05-15T11:16:59","slug":"102","status":"publish","type":"product","link":"https:\/\/cranky-haibt.162-0-225-12.plesk.page\/?product=102","title":{"rendered":"102"},"content":{"rendered":"<p>\u00fcr\u00fcn a\u00e7\u0131klamas\u0131<\/p>\n","protected":false},"excerpt":{"rendered":"<p>\u00dcr\u00fcn k\u0131sa a\u00e7\u0131klamas\u0131<\/p>\n","protected":false},"featured_media":24,"comment_status":"open","ping_status":"closed","template":"","meta":[],"product_brand":[],"product_cat":[15],"product_tag":[],"class_list":{"0":"post-23","1":"product","2":"type-product","3":"status-publish","4":"has-post-thumbnail","6":"product_cat-genel","8":"first","9":"instock","10":"shipping-taxable","11":"purchasable","12":"product-type-hotel_room"},"_links":{"self":[{"href":"https:\/\/cranky-haibt.162-0-225-12.plesk.page\/index.php?rest_route=\/wp\/v2\/product\/23","targetHints":{"allow":["GET"]}}],"collection":[{"href":"https:\/\/cranky-haibt.162-0-225-12.plesk.page\/index.php?rest_route=\/wp\/v2\/product"}],"about":[{"href":"https:\/\/cranky-haibt.162-0-225-12.plesk.page\/index.php?rest_route=\/wp\/v2\/types\/product"}],"replies":[{"embeddable":true,"href":"https:\/\/cranky-haibt.162-0-225-12.plesk.page\/index.php?rest_route=%2Fwp%2Fv2%2Fcomments&post=23"}],"wp:featuredmedia":[{"embeddable":true,"href":"https:\/\/cranky-haibt.162-0-225-12.plesk.page\/index.php?rest_route=\/wp\/v2\/media\/24"}],"wp:attachment":[{"href":"https:\/\/cranky-haibt.162-0-225-12.plesk.page\/index.php?rest_route=%2Fwp%2Fv2%2Fmedia&parent=23"}],"wp:term":[{"taxonomy":"product_brand","embeddable":true,"href":"https:\/\/cranky-haibt.162-0-225-12.plesk.page\/index.php?rest_route=%2Fwp%2Fv2%2Fproduct_brand&post=23"},{"taxonomy":"product_cat","embeddable":true,"href":"https:\/\/cranky-haibt.162-0-225-12.plesk.page\/index.php?rest_route=%2Fwp%2Fv2%2Fproduct_cat&post=23"},{"taxonomy":"product_tag","embeddable":true,"href":"https:\/\/cranky-haibt.162-0-225-12.plesk.page\/index.php?rest_route=%2Fwp%2Fv2%2Fproduct_tag&post=23"}],"curies":[{"name":"wp","href":"https:\/\/api.w.org\/{rel}","templated":true}]}}