{"id":35,"date":"2026-05-15T12:45:28","date_gmt":"2026-05-15T12:45:28","guid":{"rendered":"https:\/\/cranky-haibt.162-0-225-12.plesk.page\/?page_id=35"},"modified":"2026-05-15T12:45:28","modified_gmt":"2026-05-15T12:45:28","slug":"iletisim","status":"publish","type":"page","link":"https:\/\/cranky-haibt.162-0-225-12.plesk.page\/?page_id=35","title":{"rendered":"\u0130leti\u015fim"},"content":{"rendered":"\n<div class=\"wp-block-group best4-contact-section has-background-background-color has-background has-global-padding is-layout-constrained wp-container-core-group-is-layout-3a4e4474 wp-block-group-is-layout-constrained\" style=\"padding-top:var(--wp--preset--spacing--70);padding-bottom:var(--wp--preset--spacing--70)\">\n\n\t\n\t<div class=\"wp-block-group has-global-padding is-layout-constrained wp-container-core-group-is-layout-edd06d1e wp-block-group-is-layout-constrained\" style=\"margin-bottom:var(--wp--preset--spacing--60)\">\n\n\t\t\n\t\t<p class=\"has-text-align-center\" style=\"color:#A88848;margin-bottom:var(--wp--preset--spacing--20);font-size:0.85rem;font-weight:500;letter-spacing:0.35em;text-transform:uppercase\">Ula\u015f\u0131n<\/p>\n\t\t\n\n\t\t\n\t\t<h2 class=\"wp-block-heading has-text-align-center\" style=\"margin-top:0;margin-bottom:var(--wp--preset--spacing--30)\">\u0130leti\u015fim<\/h2>\n\t\t\n\n\t\t\n\t\t<p class=\"has-text-align-center has-text-muted-color has-text-color\" style=\"font-size:clamp(0.875rem, 0.875rem + ((1vw - 0.2rem) * 0.292), 1.05rem);line-height:1.7\">Rezervasyon ve sorular\u0131n\u0131z i\u00e7in bize her zaman ula\u015fabilirsiniz.<\/p>\n\t\t\n\n\t<\/div>\n\t\n\n\t\n\t<div class=\"wp-block-columns are-vertically-aligned-stretch is-layout-flex wp-container-core-columns-is-layout-1da03c2a wp-block-columns-is-layout-flex\">\n\n\t\t\n\t\t<div class=\"wp-block-column is-vertically-aligned-stretch best4-contact-info has-surface-background-color has-background is-layout-flow wp-block-column-is-layout-flow\" style=\"border-radius:4px;padding-top:var(--wp--preset--spacing--50);padding-right:var(--wp--preset--spacing--50);padding-bottom:var(--wp--preset--spacing--50);padding-left:var(--wp--preset--spacing--50);flex-basis:40%\">\n\n\t\t\t\n\t\t\t<h3 class=\"wp-block-heading\" style=\"margin-top:0;font-size:clamp(0.929rem, 0.929rem + ((1vw - 0.2rem) * 0.785), 1.4rem);\">Bize Ula\u015f\u0131n<\/h3>\n\t\t\t\n\n\t\t\t\n\t\t\t<p style=\"margin-top:var(--wp--preset--spacing--40);font-size:clamp(0.875rem, 0.875rem + ((1vw - 0.2rem) * 0.208), 1rem);line-height:2\">\n\t\t\t\t<strong style=\"color:#C9A96E\">\ud83d\udccd Adres:<\/strong><br>\n\t\t\t\tAtat\u00fcrk Caddesi No: 1<br>\n\t\t\t\tKonak \/ \u0130zmir 35000\n\t\t\t<\/p>\n\t\t\t\n\n\t\t\t\n\t\t\t<p style=\"font-size:clamp(0.875rem, 0.875rem + ((1vw - 0.2rem) * 0.208), 1rem);line-height:2\">\n\t\t\t\t<strong style=\"color:#C9A96E\">\ud83d\udcde Telefon:<\/strong><br>\n\t\t\t\t+90 232 000 00 00\n\t\t\t<\/p>\n\t\t\t\n\n\t\t\t\n\t\t\t<p style=\"font-size:clamp(0.875rem, 0.875rem + ((1vw - 0.2rem) * 0.208), 1rem);line-height:2\">\n\t\t\t\t<strong style=\"color:#C9A96E\">\u2709 E-posta:<\/strong><br>\n\t\t\t\tinfo@best4hotels.example\n\t\t\t<\/p>\n\t\t\t\n\n\t\t\t\n\t\t\t<p style=\"font-size:clamp(0.875rem, 0.875rem + ((1vw - 0.2rem) * 0.208), 1rem);line-height:2\">\n\t\t\t\t<strong style=\"color:#C9A96E\">\ud83d\udd50 Resepsiyon:<\/strong><br>\n\t\t\t\t7\/24 hizmetinizdeyiz\n\t\t\t<\/p>\n\t\t\t\n\n\t\t<\/div>\n\t\t\n\n\t\t\n\t\t<div class=\"wp-block-column is-vertically-aligned-stretch best4-contact-map is-layout-flow wp-block-column-is-layout-flow\">\n\n\t\t\t\n\t\t\t<div class=\"best4-map-embed\" style=\"position:relative;overflow:hidden;border-radius:4px;height:100%;min-height:380px;background:linear-gradient(135deg,#1A3556 0%,#0E1F37 100%);display:flex;align-items:center;justify-content:center;color:#C9A96E;font-family:'Playfair Display',serif\">\n\t\t\t\t<div style=\"text-align:center;padding:2rem\">\n\t\t\t\t\t<div style=\"font-size:3rem;margin-bottom:1rem\">\ud83d\udccd<\/div>\n\t\t\t\t\t<div style=\"font-size:1.25rem;letter-spacing:0.1em;text-transform:uppercase\">Harita Buraya Eklenebilir<\/div>\n\t\t\t\t\t<div style=\"font-size:0.9rem;color:#cfd6e0;margin-top:0.5rem;font-family:Inter,sans-serif\">Google Maps g\u00f6mme kodunu buraya yerle\u015ftirin<\/div>\n\t\t\t\t<\/div>\n\t\t\t<\/div>\n\t\t\t\n\n\t\t<\/div>\n\t\t\n\n\t<\/div>\n\t\n\n<\/div>\n\n","protected":false},"excerpt":{"rendered":"","protected":false},"author":1,"featured_media":0,"parent":0,"menu_order":0,"comment_status":"closed","ping_status":"closed","template":"","meta":{"footnotes":""},"class_list":["post-35","page","type-page","status-publish","hentry"],"_links":{"self":[{"href":"https:\/\/cranky-haibt.162-0-225-12.plesk.page\/index.php?rest_route=\/wp\/v2\/pages\/35","targetHints":{"allow":["GET"]}}],"collection":[{"href":"https:\/\/cranky-haibt.162-0-225-12.plesk.page\/index.php?rest_route=\/wp\/v2\/pages"}],"about":[{"href":"https:\/\/cranky-haibt.162-0-225-12.plesk.page\/index.php?rest_route=\/wp\/v2\/types\/page"}],"author":[{"embeddable":true,"href":"https:\/\/cranky-haibt.162-0-225-12.plesk.page\/index.php?rest_route=\/wp\/v2\/users\/1"}],"replies":[{"embeddable":true,"href":"https:\/\/cranky-haibt.162-0-225-12.plesk.page\/index.php?rest_route=%2Fwp%2Fv2%2Fcomments&post=35"}],"version-history":[{"count":0,"href":"https:\/\/cranky-haibt.162-0-225-12.plesk.page\/index.php?rest_route=\/wp\/v2\/pages\/35\/revisions"}],"wp:attachment":[{"href":"https:\/\/cranky-haibt.162-0-225-12.plesk.page\/index.php?rest_route=%2Fwp%2Fv2%2Fmedia&parent=35"}],"curies":[{"name":"wp","href":"https:\/\/api.w.org\/{rel}","templated":true}]}}