{"id":2,"date":"2026-05-15T10:21:34","date_gmt":"2026-05-15T10:21:34","guid":{"rendered":"https:\/\/cranky-haibt.162-0-225-12.plesk.page\/?page_id=2"},"modified":"2026-05-15T11:04:19","modified_gmt":"2026-05-15T11:04:19","slug":"sample-page","status":"publish","type":"page","link":"https:\/\/cranky-haibt.162-0-225-12.plesk.page\/","title":{"rendered":"Sample Page"},"content":{"rendered":"\n<p>This is an example page. It&#8217;s different from a blog post because it will stay in one place and will show up in your site navigation (in most themes). Most people start with an About page that introduces them to potential site visitors. It might say something like this:<\/p>\n\n\n<div class=\"b4h-search-form-wrap\">\n\t\t\t<h3 class=\"b4h-search-title\">M\u00fcsait Oda Ara<\/h3>\n\t\t<form class=\"b4h-search-form\" method=\"get\" action=\"\/index.php?rest_route=%2Fwp%2Fv2%2Fpages%2F2\">\n\t\t<div class=\"b4h-search-fields\">\n\t\t\t<div class=\"b4h-search-field\">\n\t\t\t\t<label>Giri\u015f<\/label>\n\t\t\t\t<input type=\"date\" name=\"b4h_checkin\" required min=\"2026-05-15\" value=\"\">\n\t\t\t<\/div>\n\t\t\t<div class=\"b4h-search-field\">\n\t\t\t\t<label>\u00c7\u0131k\u0131\u015f<\/label>\n\t\t\t\t<input type=\"date\" name=\"b4h_checkout\" required min=\"2026-05-15\" value=\"\">\n\t\t\t<\/div>\n\t\t\t<div class=\"b4h-search-field\">\n\t\t\t\t<label>Yeti\u015fkin<\/label>\n\t\t\t\t<select name=\"b4h_adults\">\n\t\t\t\t\t\t\t\t\t\t\t<option value=\"1\" >1<\/option>\n\t\t\t\t\t\t\t\t\t\t\t<option value=\"2\"  selected='selected'>2<\/option>\n\t\t\t\t\t\t\t\t\t\t\t<option value=\"3\" >3<\/option>\n\t\t\t\t\t\t\t\t\t\t\t<option value=\"4\" >4<\/option>\n\t\t\t\t\t\t\t\t\t\t\t<option value=\"5\" >5<\/option>\n\t\t\t\t\t\t\t\t\t\t\t<option value=\"6\" >6<\/option>\n\t\t\t\t\t\t\t\t\t\t\t<option value=\"7\" >7<\/option>\n\t\t\t\t\t\t\t\t\t\t\t<option value=\"8\" >8<\/option>\n\t\t\t\t\t\t\t\t\t<\/select>\n\t\t\t<\/div>\n\t\t\t<div class=\"b4h-search-field\">\n\t\t\t\t<label>\u00c7ocuk<\/label>\n\t\t\t\t<select name=\"b4h_children\">\n\t\t\t\t\t\t\t\t\t\t\t<option value=\"0\"  selected='selected'>0<\/option>\n\t\t\t\t\t\t\t\t\t\t\t<option value=\"1\" >1<\/option>\n\t\t\t\t\t\t\t\t\t\t\t<option value=\"2\" >2<\/option>\n\t\t\t\t\t\t\t\t\t\t\t<option value=\"3\" >3<\/option>\n\t\t\t\t\t\t\t\t\t\t\t<option value=\"4\" >4<\/option>\n\t\t\t\t\t\t\t\t\t\t\t<option value=\"5\" >5<\/option>\n\t\t\t\t\t\t\t\t\t\t\t<option value=\"6\" >6<\/option>\n\t\t\t\t\t\t\t\t\t<\/select>\n\t\t\t<\/div>\n\t\t\t<div class=\"b4h-search-field b4h-search-submit\">\n\t\t\t\t<button type=\"submit\" class=\"button alt\">M\u00fcsait Odalar\u0131 Ara<\/button>\n\t\t\t<\/div>\n\t\t<\/div>\n\t<\/form>\n\n\t<\/div>\n\n\n\n\n<blockquote class=\"wp-block-quote is-layout-flow wp-block-quote-is-layout-flow\">\n<p>Hi there! I&#8217;m a bike messenger by day, aspiring actor by night, and this is my website. I live in Los Angeles, have a great dog named Jack, and I like pi\u00f1a coladas. (And gettin&#8217; caught in the rain.)<\/p>\n<\/blockquote>\n\n\n<div class=\"b4h-notice\">L\u00fctfen tarih bilgilerini girip arama yap\u0131n.<\/div>\n\n\n\n<p>&#8230;or something like this:<\/p>\n\n\n\n<blockquote class=\"wp-block-quote is-layout-flow wp-block-quote-is-layout-flow\">\n<p>The XYZ Doohickey Company was founded in 1971, and has been providing quality doohickeys to the public ever since. Located in Gotham City, XYZ employs over 2,000 people and does all kinds of awesome things for the Gotham community.<\/p>\n<\/blockquote>\n\n\n<div class=\"b4h-rooms-grid b4h-rooms-grid-cols-3\">\n\t\t\t\t<div class=\"b4h-room-card\">\n\t\t\t<div class=\"b4h-room-thumb\"><img loading=\"lazy\" decoding=\"async\" width=\"300\" height=\"101\" src=\"https:\/\/cranky-haibt.162-0-225-12.plesk.page\/wp-content\/uploads\/2026\/05\/Bir-baslik-ekleyin-7-300x101.webp\" class=\"attachment-medium size-medium\" alt=\"102\" srcset=\"https:\/\/cranky-haibt.162-0-225-12.plesk.page\/wp-content\/uploads\/2026\/05\/Bir-baslik-ekleyin-7-300x101.webp 300w, https:\/\/cranky-haibt.162-0-225-12.plesk.page\/wp-content\/uploads\/2026\/05\/Bir-baslik-ekleyin-7-600x201.webp 600w, https:\/\/cranky-haibt.162-0-225-12.plesk.page\/wp-content\/uploads\/2026\/05\/Bir-baslik-ekleyin-7-768x258.webp 768w, https:\/\/cranky-haibt.162-0-225-12.plesk.page\/wp-content\/uploads\/2026\/05\/Bir-baslik-ekleyin-7.webp 1016w\" sizes=\"auto, (max-width: 300px) 100vw, 300px\" \/><\/div>\n\t\t\t<div class=\"b4h-room-info\">\n\t\t\t\t<h3 class=\"b4h-room-name\"><a href=\"https:\/\/cranky-haibt.162-0-225-12.plesk.page\/?product=102\">102<\/a><\/h3>\n\t\t\t\t\t\t\t\t\t<div class=\"b4h-room-meta\">\ud83d\udc65 2 ki\u015fi<\/div>\n\t\t\t\t\t\t\t\t<div class=\"b4h-room-price\"><span class=\"woocommerce-Price-amount amount\"><span class=\"woocommerce-Price-currencySymbol\">&#8378;<\/span>2.500,00<\/span> <span class=\"b4h-per-night\">\/ gece<\/span><\/div>\n\t\t\t\t<a href=\"https:\/\/cranky-haibt.162-0-225-12.plesk.page\/?product=102\" class=\"button\">\u0130ncele<\/a>\n\t\t\t<\/div>\n\t\t<\/div>\n\t\t\t<div class=\"b4h-room-card\">\n\t\t\t<div class=\"b4h-room-thumb\"><img loading=\"lazy\" decoding=\"async\" width=\"266\" height=\"189\" src=\"https:\/\/cranky-haibt.162-0-225-12.plesk.page\/wp-content\/uploads\/2026\/05\/indir-1.png\" class=\"attachment-medium size-medium\" alt=\"101\" \/><\/div>\n\t\t\t<div class=\"b4h-room-info\">\n\t\t\t\t<h3 class=\"b4h-room-name\"><a href=\"https:\/\/cranky-haibt.162-0-225-12.plesk.page\/?product=101\">101<\/a><\/h3>\n\t\t\t\t\t\t\t\t\t<div class=\"b4h-room-meta\">\ud83d\udc65 2 ki\u015fi<\/div>\n\t\t\t\t\t\t\t\t<div class=\"b4h-room-price\"><span class=\"woocommerce-Price-amount amount\"><span class=\"woocommerce-Price-currencySymbol\">&#8378;<\/span>2.500,00<\/span> <span class=\"b4h-per-night\">\/ gece<\/span><\/div>\n\t\t\t\t<a href=\"https:\/\/cranky-haibt.162-0-225-12.plesk.page\/?product=101\" class=\"button\">\u0130ncele<\/a>\n\t\t\t<\/div>\n\t\t<\/div>\n\t<\/div>\n\n\n\n\n<p>As a new WordPress user, you should go to <a href=\"https:\/\/cranky-haibt.162-0-225-12.plesk.page\/wp-admin\/\">your dashboard<\/a> to delete this page and create new pages for your content. Have fun!<\/p>\n","protected":false},"excerpt":{"rendered":"<p>This is an example page. It&#8217;s different from a blog post because it will stay in one place and will show up in your site navigation (in most themes). Most people start with an About page that introduces them to potential site visitors. It might say something like this: Hi there! I&#8217;m a bike messenger [&hellip;]<\/p>\n","protected":false},"author":1,"featured_media":0,"parent":0,"menu_order":0,"comment_status":"closed","ping_status":"open","template":"","meta":{"footnotes":""},"class_list":["post-2","page","type-page","status-publish","hentry"],"_links":{"self":[{"href":"https:\/\/cranky-haibt.162-0-225-12.plesk.page\/index.php?rest_route=\/wp\/v2\/pages\/2","targetHints":{"allow":["GET"]}}],"collection":[{"href":"https:\/\/cranky-haibt.162-0-225-12.plesk.page\/index.php?rest_route=\/wp\/v2\/pages"}],"about":[{"href":"https:\/\/cranky-haibt.162-0-225-12.plesk.page\/index.php?rest_route=\/wp\/v2\/types\/page"}],"author":[{"embeddable":true,"href":"https:\/\/cranky-haibt.162-0-225-12.plesk.page\/index.php?rest_route=\/wp\/v2\/users\/1"}],"replies":[{"embeddable":true,"href":"https:\/\/cranky-haibt.162-0-225-12.plesk.page\/index.php?rest_route=%2Fwp%2Fv2%2Fcomments&post=2"}],"version-history":[{"count":1,"href":"https:\/\/cranky-haibt.162-0-225-12.plesk.page\/index.php?rest_route=\/wp\/v2\/pages\/2\/revisions"}],"predecessor-version":[{"id":21,"href":"https:\/\/cranky-haibt.162-0-225-12.plesk.page\/index.php?rest_route=\/wp\/v2\/pages\/2\/revisions\/21"}],"wp:attachment":[{"href":"https:\/\/cranky-haibt.162-0-225-12.plesk.page\/index.php?rest_route=%2Fwp%2Fv2%2Fmedia&parent=2"}],"curies":[{"name":"wp","href":"https:\/\/api.w.org\/{rel}","templated":true}]}}